{"id":14,"date":"2021-09-20T16:24:19","date_gmt":"2021-09-20T14:24:19","guid":{"rendered":"http:\/\/ofzzyvu.cluster031.hosting.ovh.net\/?page_id=14"},"modified":"2025-08-29T11:39:17","modified_gmt":"2025-08-29T09:39:17","slug":"les-vinzelles-accueil","status":"publish","type":"page","link":"https:\/\/www.lesvinzelles.com\/","title":{"rendered":"Les Vinzelles"},"content":{"rendered":"<p>[et_pb_section fb_built=\u00a0\u00bb1&Prime; disabled_on=\u00a0\u00bboff|off|off\u00a0\u00bb admin_label=\u00a0\u00bbMain section home Vinzelles\u00a0\u00bb _builder_version=\u00a0\u00bb4.17.0&Prime; use_background_color_gradient=\u00a0\u00bbon\u00a0\u00bb background_color_gradient_direction=\u00a0\u00bb1deg\u00a0\u00bb background_color_gradient_stops=\u00a0\u00bbrgba(255,255,255,0) 0%|#ffffff 100%\u00a0\u00bb background_color_gradient_overlays_image=\u00a0\u00bbon\u00a0\u00bb background_image=\u00a0\u00bbhttps:\/\/www.lesvinzelles.com\/wp-content\/uploads\/2022\/03\/MOTIFS_points_J.svg\u00a0\u00bb custom_padding=\u00a0\u00bb24px||0px||false|false\u00a0\u00bb global_colors_info=\u00a0\u00bb{}\u00a0\u00bb][et_pb_row admin_label=\u00a0\u00bbclaim Area\u00a0\u00bb _builder_version=\u00a0\u00bb4.17.0&Prime; background_color=\u00a0\u00bb#FFFFFF\u00a0\u00bb custom_padding=\u00a0\u00bb||51px|||\u00a0\u00bb animation_direction=\u00a0\u00bbtop\u00a0\u00bb locked=\u00a0\u00bboff\u00a0\u00bb global_colors_info=\u00a0\u00bb{}\u00a0\u00bb][et_pb_column type=\u00a0\u00bb4_4&Prime; _builder_version=\u00a0\u00bb4.16&Prime; custom_padding=\u00a0\u00bb|||\u00a0\u00bb global_colors_info=\u00a0\u00bb{}\u00a0\u00bb custom_padding__hover=\u00a0\u00bb|||\u00a0\u00bb][et_pb_divider color=\u00a0\u00bbgcid-3f70a80c-17ee-467c-9497-b5554e9196ef\u00a0\u00bb divider_weight=\u00a0\u00bb3px\u00a0\u00bb _builder_version=\u00a0\u00bb4.16.0&Prime; max_width=\u00a0\u00bb50px\u00a0\u00bb module_alignment=\u00a0\u00bbcenter\u00a0\u00bb custom_margin=\u00a0\u00bb||10px|\u00a0\u00bb animation_style=\u00a0\u00bbslide\u00a0\u00bb animation_direction=\u00a0\u00bbtop\u00a0\u00bb animation_intensity_slide=\u00a0\u00bb30%\u00a0\u00bb animation_starting_opacity=\u00a0\u00bb100%\u00a0\u00bb global_colors_info=\u00a0\u00bb{%22gcid-3f70a80c-17ee-467c-9497-b5554e9196ef%22:%91%22color%22%93}\u00a0\u00bb][\/et_pb_divider][et_pb_text admin_label=\u00a0\u00bbclaim\u00a0\u00bb _builder_version=\u00a0\u00bb4.16.0&Prime; text_font=\u00a0\u00bb||||||||\u00a0\u00bb header_font=\u00a0\u00bb||||||||\u00a0\u00bb header_2_font=\u00a0\u00bb||||||||\u00a0\u00bb header_2_text_align=\u00a0\u00bbcenter\u00a0\u00bb header_2_font_size=\u00a0\u00bb22px\u00a0\u00bb header_2_line_height=\u00a0\u00bb1.3em\u00a0\u00bb custom_margin=\u00a0\u00bb||20px|\u00a0\u00bb animation_style=\u00a0\u00bbslide\u00a0\u00bb animation_direction=\u00a0\u00bbtop\u00a0\u00bb animation_intensity_slide=\u00a0\u00bb30%\u00a0\u00bb animation_starting_opacity=\u00a0\u00bb100%\u00a0\u00bb global_colors_info=\u00a0\u00bb{}\u00a0\u00bb]<\/p>\n<h2>Un tiers-lieu culturel pour apprendre \u00e0 cultiver son jardin<\/h2>\n<p>[\/et_pb_text][\/et_pb_column][\/et_pb_row][et_pb_row column_structure=\u00a0\u00bb1_2,1_2&Prime; use_custom_gutter=\u00a0\u00bbon\u00a0\u00bb gutter_width=\u00a0\u00bb4&Prime; custom_padding_last_edited=\u00a0\u00bbon|phone\u00a0\u00bb admin_label=\u00a0\u00bbbloc images librairie et resto\u00a0\u00bb _builder_version=\u00a0\u00bb4.17.4&Prime; background_color=\u00a0\u00bb#FFFFFF\u00a0\u00bb custom_margin_tablet=\u00a0\u00bb\u00a0\u00bb custom_margin_phone=\u00a0\u00bb\u00a0\u00bb custom_margin_last_edited=\u00a0\u00bbon|desktop\u00a0\u00bb custom_padding=\u00a0\u00bb|55px|75px|55px|false|true\u00a0\u00bb custom_padding_tablet=\u00a0\u00bb|55px|75px|55px|false|true\u00a0\u00bb custom_padding_phone=\u00a0\u00bb|0px|75px|0px|false|true\u00a0\u00bb animation_style=\u00a0\u00bbfade\u00a0\u00bb animation_direction=\u00a0\u00bbtop\u00a0\u00bb animation_starting_opacity=\u00a0\u00bb100%\u00a0\u00bb border_width_right=\u00a0\u00bb30px\u00a0\u00bb border_color_right=\u00a0\u00bb#FFFFFF\u00a0\u00bb border_width_left=\u00a0\u00bb30px\u00a0\u00bb border_color_left=\u00a0\u00bb#FFFFFF\u00a0\u00bb locked=\u00a0\u00bboff\u00a0\u00bb global_colors_info=\u00a0\u00bb{}\u00a0\u00bb][et_pb_column type=\u00a0\u00bb1_2&Prime; _builder_version=\u00a0\u00bb4.17.4&Prime; _dynamic_attributes=\u00a0\u00bblink_option_url\u00a0\u00bb background_image=\u00a0\u00bbhttps:\/\/www.lesvinzelles.com\/wp-content\/uploads\/2022\/03\/librairie_800x515.jpeg\u00a0\u00bb background_size=\u00a0\u00bbcustom\u00a0\u00bb background_image_width=\u00a0\u00bb512px\u00a0\u00bb background_image_height=\u00a0\u00bb300px\u00a0\u00bb background_position=\u00a0\u00bbtop_center\u00a0\u00bb custom_padding=\u00a0\u00bb||||false|false\u00a0\u00bb link_option_url=\u00a0\u00bb@ET-DC@eyJkeW5hbWljIjp0cnVlLCJjb250ZW50IjoicG9zdF9saW5rX3VybF9wYWdlIiwic2V0dGluZ3MiOnsicG9zdF9pZCI6IjI0NiJ9fQ==@\u00a0\u00bb border_width_top=\u00a0\u00bb5px\u00a0\u00bb border_color_top=\u00a0\u00bbgcid-bef43e38-19b0-4794-9dc7-82d9a858f5d4&Prime; global_colors_info=\u00a0\u00bb{%22gcid-bef43e38-19b0-4794-9dc7-82d9a858f5d4%22:%91%22border_color_top%22%93}\u00a0\u00bb custom_padding__hover=\u00a0\u00bb|||\u00a0\u00bb transform_styles__hover_enabled=\u00a0\u00bbon|hover\u00a0\u00bb transform_scale__hover_enabled=\u00a0\u00bbon|hover\u00a0\u00bb transform_translate__hover_enabled=\u00a0\u00bbon|desktop\u00a0\u00bb transform_rotate__hover_enabled=\u00a0\u00bbon|desktop\u00a0\u00bb transform_skew__hover_enabled=\u00a0\u00bbon|desktop\u00a0\u00bb transform_origin__hover_enabled=\u00a0\u00bbon|desktop\u00a0\u00bb transform_scale__hover=\u00a0\u00bb101%|101%\u00a0\u00bb][et_pb_image src=\u00a0\u00bbhttps:\/\/www.lesvinzelles.com\/wp-content\/uploads\/2022\/03\/livre.svg\u00a0\u00bb title_text=\u00a0\u00bblivre\u00a0\u00bb show_bottom_space=\u00a0\u00bboff\u00a0\u00bb admin_label=\u00a0\u00bbpicto librairie\u00a0\u00bb _builder_version=\u00a0\u00bb4.17.2&Prime; transform_scale=\u00a0\u00bb38%|38%\u00a0\u00bb transform_scale_tablet=\u00a0\u00bb70%|70%\u00a0\u00bb transform_scale_phone=\u00a0\u00bb\u00a0\u00bb transform_scale_last_edited=\u00a0\u00bbon|tablet\u00a0\u00bb transform_translate_tablet=\u00a0\u00bb-65px|-83px\u00a0\u00bb transform_translate_phone=\u00a0\u00bb\u00a0\u00bb transform_translate_last_edited=\u00a0\u00bbon|tablet\u00a0\u00bb transform_rotate_tablet=\u00a0\u00bb\u00a0\u00bb transform_rotate_phone=\u00a0\u00bb\u00a0\u00bb transform_rotate_last_edited=\u00a0\u00bbon|tablet\u00a0\u00bb transform_skew_tablet=\u00a0\u00bb\u00a0\u00bb transform_skew_phone=\u00a0\u00bb\u00a0\u00bb transform_skew_last_edited=\u00a0\u00bbon|tablet\u00a0\u00bb transform_origin=\u00a0\u00bb-22%|-23%\u00a0\u00bb transform_origin_tablet=\u00a0\u00bb-41%|-37%\u00a0\u00bb transform_origin_phone=\u00a0\u00bb\u00a0\u00bb transform_origin_last_edited=\u00a0\u00bbon|tablet\u00a0\u00bb transform_styles_last_edited=\u00a0\u00bbon|tablet\u00a0\u00bb max_width_tablet=\u00a0\u00bb200px\u00a0\u00bb max_width_phone=\u00a0\u00bb\u00a0\u00bb max_width_last_edited=\u00a0\u00bbon|tablet\u00a0\u00bb min_height=\u00a0\u00bb350px\u00a0\u00bb height=\u00a0\u00bb350px\u00a0\u00bb max_height=\u00a0\u00bb350px\u00a0\u00bb custom_margin=\u00a0\u00bb||||false|false\u00a0\u00bb custom_margin_tablet=\u00a0\u00bb-20px||0px||false|false\u00a0\u00bb custom_margin_phone=\u00a0\u00bb\u00a0\u00bb custom_margin_last_edited=\u00a0\u00bbon|tablet\u00a0\u00bb custom_padding=\u00a0\u00bb||||false|false\u00a0\u00bb transform_styles_tablet=\u00a0\u00bb\u00a0\u00bb transform_styles_phone=\u00a0\u00bb\u00a0\u00bb locked=\u00a0\u00bboff\u00a0\u00bb global_colors_info=\u00a0\u00bb{}\u00a0\u00bb][\/et_pb_image][et_pb_text admin_label=\u00a0\u00bbtexte\u00a0\u00bb _builder_version=\u00a0\u00bb4.17.3&Prime; _module_preset=\u00a0\u00bb5c83a190-eaee-4f4a-944a-5e2167ed5a81&Prime; custom_margin=\u00a0\u00bb-25px||||false|false\u00a0\u00bb custom_margin_tablet=\u00a0\u00bb0px||||false|false\u00a0\u00bb custom_margin_phone=\u00a0\u00bb0px||||false|false\u00a0\u00bb custom_margin_last_edited=\u00a0\u00bbon|tablet\u00a0\u00bb custom_padding=\u00a0\u00bb|||8px|false|false\u00a0\u00bb header_text_align_tablet=\u00a0\u00bbcenter\u00a0\u00bb header_text_align_phone=\u00a0\u00bbcenter\u00a0\u00bb header_text_align_last_edited=\u00a0\u00bbon|tablet\u00a0\u00bb global_colors_info=\u00a0\u00bb{}\u00a0\u00bb]<\/p>\n<h3>Librairie<\/h3>\n<p>Partager et trouver ses prochaines lectures<br \/>conseils et vente de livres neufs, ateliers, rencontres et d\u00e9dicaces<\/p>\n<p>[\/et_pb_text][\/et_pb_column][et_pb_column type=\u00a0\u00bb1_2&Prime; _builder_version=\u00a0\u00bb4.17.4&Prime; _dynamic_attributes=\u00a0\u00bblink_option_url\u00a0\u00bb background_image=\u00a0\u00bbhttps:\/\/www.lesvinzelles.com\/wp-content\/uploads\/2022\/06\/restau-cafe_1000.jpg\u00a0\u00bb background_size=\u00a0\u00bbcustom\u00a0\u00bb background_image_width=\u00a0\u00bb512px\u00a0\u00bb background_image_height=\u00a0\u00bb300px\u00a0\u00bb background_position=\u00a0\u00bbtop_center\u00a0\u00bb custom_padding=\u00a0\u00bb||||false|false\u00a0\u00bb custom_padding_tablet=\u00a0\u00bb||||false|false\u00a0\u00bb custom_padding_phone=\u00a0\u00bb||||false|false\u00a0\u00bb custom_padding_last_edited=\u00a0\u00bbon|phone\u00a0\u00bb link_option_url=\u00a0\u00bb@ET-DC@eyJkeW5hbWljIjp0cnVlLCJjb250ZW50IjoicG9zdF9saW5rX3VybF9wYWdlIiwic2V0dGluZ3MiOnsicG9zdF9pZCI6IjEzMjIifX0=@\u00a0\u00bb border_width_top=\u00a0\u00bb6px\u00a0\u00bb border_color_top=\u00a0\u00bbgcid-bef43e38-19b0-4794-9dc7-82d9a858f5d4&Prime; global_colors_info=\u00a0\u00bb{%22gcid-bef43e38-19b0-4794-9dc7-82d9a858f5d4%22:%91%22border_color_top%22%93}\u00a0\u00bb custom_padding__hover=\u00a0\u00bb|||\u00a0\u00bb transform_styles__hover_enabled=\u00a0\u00bbon|hover\u00a0\u00bb transform_scale__hover_enabled=\u00a0\u00bbon|hover\u00a0\u00bb transform_translate__hover_enabled=\u00a0\u00bbon|desktop\u00a0\u00bb transform_rotate__hover_enabled=\u00a0\u00bbon|desktop\u00a0\u00bb transform_skew__hover_enabled=\u00a0\u00bbon|desktop\u00a0\u00bb transform_origin__hover_enabled=\u00a0\u00bbon|desktop\u00a0\u00bb transform_scale__hover=\u00a0\u00bb101%|101%\u00a0\u00bb][et_pb_image src=\u00a0\u00bbhttps:\/\/www.lesvinzelles.com\/wp-content\/uploads\/2022\/03\/sc_boissons-07-01_crop.png\u00a0\u00bb title_text=\u00a0\u00bbsc_boissons-07-01_crop\u00a0\u00bb show_bottom_space=\u00a0\u00bboff\u00a0\u00bb admin_label=\u00a0\u00bbpicto resto\u00a0\u00bb _builder_version=\u00a0\u00bb4.17.4&Prime; transform_scale=\u00a0\u00bb41%|41%\u00a0\u00bb transform_scale_tablet=\u00a0\u00bb67%|67%\u00a0\u00bb transform_scale_phone=\u00a0\u00bb58%|58%\u00a0\u00bb transform_scale_last_edited=\u00a0\u00bbon|tablet\u00a0\u00bb transform_translate_tablet=\u00a0\u00bb-76px|-63px\u00a0\u00bb transform_translate_phone=\u00a0\u00bb396px|-16px\u00a0\u00bb transform_translate_last_edited=\u00a0\u00bbon|tablet\u00a0\u00bb transform_rotate_tablet=\u00a0\u00bb\u00a0\u00bb transform_rotate_phone=\u00a0\u00bb\u00a0\u00bb transform_rotate_last_edited=\u00a0\u00bbon|tablet\u00a0\u00bb transform_skew_tablet=\u00a0\u00bb\u00a0\u00bb transform_skew_phone=\u00a0\u00bb\u00a0\u00bb transform_skew_last_edited=\u00a0\u00bbon|tablet\u00a0\u00bb transform_origin=\u00a0\u00bb-21%|-33%\u00a0\u00bb transform_origin_tablet=\u00a0\u00bb\u00a0\u00bb transform_origin_phone=\u00a0\u00bb\u00a0\u00bb transform_origin_last_edited=\u00a0\u00bbon|tablet\u00a0\u00bb transform_styles_last_edited=\u00a0\u00bbon|tablet\u00a0\u00bb max_width_tablet=\u00a0\u00bb200px\u00a0\u00bb max_width_phone=\u00a0\u00bb\u00a0\u00bb max_width_last_edited=\u00a0\u00bbon|desktop\u00a0\u00bb max_height=\u00a0\u00bb350px\u00a0\u00bb max_height_tablet=\u00a0\u00bb350px\u00a0\u00bb max_height_phone=\u00a0\u00bb186px\u00a0\u00bb max_height_last_edited=\u00a0\u00bbon|phone\u00a0\u00bb custom_margin=\u00a0\u00bb||||false|false\u00a0\u00bb custom_margin_tablet=\u00a0\u00bb||0px||false|false\u00a0\u00bb custom_margin_phone=\u00a0\u00bb\u00a0\u00bb custom_margin_last_edited=\u00a0\u00bbon|tablet\u00a0\u00bb custom_padding=\u00a0\u00bb||||false|false\u00a0\u00bb transform_styles_tablet=\u00a0\u00bb\u00a0\u00bb transform_styles_phone=\u00a0\u00bb\u00a0\u00bb locked=\u00a0\u00bboff\u00a0\u00bb global_colors_info=\u00a0\u00bb{}\u00a0\u00bb][\/et_pb_image][et_pb_text _builder_version=\u00a0\u00bb4.17.4&Prime; _module_preset=\u00a0\u00bb5c83a190-eaee-4f4a-944a-5e2167ed5a81&Prime; custom_margin=\u00a0\u00bb-25px||||false|false\u00a0\u00bb custom_margin_tablet=\u00a0\u00bb36px||||false|false\u00a0\u00bb custom_margin_phone=\u00a0\u00bb133px||||false|false\u00a0\u00bb custom_margin_last_edited=\u00a0\u00bbon|tablet\u00a0\u00bb custom_padding=\u00a0\u00bb|||8px|false|false\u00a0\u00bb global_colors_info=\u00a0\u00bb{}\u00a0\u00bb]<\/p>\n<h3>Caf\u00e9 &#8211; Restau<\/h3>\n<p>D\u00e9couvrir, voyager et cultiver sa gourmandise<br \/>Salon de th\u00e9, snacking et restaurant midi et soir<\/p>\n<p>[\/et_pb_text][\/et_pb_column][\/et_pb_row][et_pb_row column_structure=\u00a0\u00bb1_2,1_2&Prime; use_custom_gutter=\u00a0\u00bbon\u00a0\u00bb gutter_width=\u00a0\u00bb4&Prime; custom_padding_last_edited=\u00a0\u00bbon|phone\u00a0\u00bb admin_label=\u00a0\u00bbbloc images jardin et programme\u00a0\u00bb _builder_version=\u00a0\u00bb4.27.0&Prime; background_color=\u00a0\u00bb#FFFFFF\u00a0\u00bb custom_margin=\u00a0\u00bb|auto||auto|false|false\u00a0\u00bb custom_margin_tablet=\u00a0\u00bb|auto||auto|false|false\u00a0\u00bb custom_margin_phone=\u00a0\u00bb|auto||auto|false|false\u00a0\u00bb custom_margin_last_edited=\u00a0\u00bbon|desktop\u00a0\u00bb custom_padding=\u00a0\u00bb|55px|42px|55px|false|false\u00a0\u00bb custom_padding_tablet=\u00a0\u00bb|55px|42px|55px|false|false\u00a0\u00bb custom_padding_phone=\u00a0\u00bb|0px|42px|0px|false|false\u00a0\u00bb animation_style=\u00a0\u00bbfade\u00a0\u00bb animation_direction=\u00a0\u00bbtop\u00a0\u00bb animation_starting_opacity=\u00a0\u00bb100%\u00a0\u00bb border_width_right=\u00a0\u00bb30px\u00a0\u00bb border_color_right=\u00a0\u00bb#FFFFFF\u00a0\u00bb border_width_left=\u00a0\u00bb30px\u00a0\u00bb border_color_left=\u00a0\u00bb#FFFFFF\u00a0\u00bb locked=\u00a0\u00bboff\u00a0\u00bb global_colors_info=\u00a0\u00bb{}\u00a0\u00bb][et_pb_column type=\u00a0\u00bb1_2&Prime; _builder_version=\u00a0\u00bb4.17.4&Prime; _dynamic_attributes=\u00a0\u00bblink_option_url\u00a0\u00bb background_image=\u00a0\u00bbhttps:\/\/www.lesvinzelles.com\/wp-content\/uploads\/2022\/04\/arc_en_ciel_800x515.jpg\u00a0\u00bb background_size=\u00a0\u00bbcustom\u00a0\u00bb background_image_width=\u00a0\u00bb512px\u00a0\u00bb background_image_height=\u00a0\u00bb300px\u00a0\u00bb background_position=\u00a0\u00bbtop_center\u00a0\u00bb custom_padding=\u00a0\u00bb|||\u00a0\u00bb link_option_url=\u00a0\u00bb@ET-DC@eyJkeW5hbWljIjp0cnVlLCJjb250ZW50IjoicG9zdF9saW5rX3VybF9wYWdlIiwic2V0dGluZ3MiOnsicG9zdF9pZCI6IjEzMTUifX0=@\u00a0\u00bb border_width_top=\u00a0\u00bb6px\u00a0\u00bb border_color_top=\u00a0\u00bbgcid-bef43e38-19b0-4794-9dc7-82d9a858f5d4&Prime; global_colors_info=\u00a0\u00bb{%22gcid-bef43e38-19b0-4794-9dc7-82d9a858f5d4%22:%91%22border_color_top%22%93}\u00a0\u00bb custom_padding__hover=\u00a0\u00bb|||\u00a0\u00bb transform_styles__hover_enabled=\u00a0\u00bbon|desktop\u00a0\u00bb transform_scale__hover_enabled=\u00a0\u00bbon|desktop\u00a0\u00bb transform_translate__hover_enabled=\u00a0\u00bbon|desktop\u00a0\u00bb transform_rotate__hover_enabled=\u00a0\u00bbon|desktop\u00a0\u00bb transform_skew__hover_enabled=\u00a0\u00bbon|desktop\u00a0\u00bb transform_origin__hover_enabled=\u00a0\u00bbon|desktop\u00a0\u00bb transform_scale__hover=\u00a0\u00bb101%|101%\u00a0\u00bb][et_pb_image src=\u00a0\u00bbhttps:\/\/www.lesvinzelles.com\/wp-content\/uploads\/2022\/03\/jardinage-05.svg\u00a0\u00bb title_text=\u00a0\u00bbjardinage-05&Prime; show_bottom_space=\u00a0\u00bboff\u00a0\u00bb admin_label=\u00a0\u00bbpicto jardin\u00a0\u00bb _builder_version=\u00a0\u00bb4.17.2&Prime; transform_scale=\u00a0\u00bb63%|63%\u00a0\u00bb transform_scale_tablet=\u00a0\u00bb112%|112%\u00a0\u00bb transform_scale_phone=\u00a0\u00bb95%|95%\u00a0\u00bb transform_scale_last_edited=\u00a0\u00bbon|tablet\u00a0\u00bb transform_translate_tablet=\u00a0\u00bb-7px|-216px\u00a0\u00bb transform_translate_phone=\u00a0\u00bb\u00a0\u00bb transform_translate_last_edited=\u00a0\u00bbon|tablet\u00a0\u00bb transform_rotate=\u00a0\u00bb0deg|180deg|0deg\u00a0\u00bb transform_rotate_tablet=\u00a0\u00bb\u00a0\u00bb transform_rotate_phone=\u00a0\u00bb\u00a0\u00bb transform_rotate_last_edited=\u00a0\u00bbon|tablet\u00a0\u00bb transform_skew_tablet=\u00a0\u00bb\u00a0\u00bb transform_skew_phone=\u00a0\u00bb\u00a0\u00bb transform_skew_last_edited=\u00a0\u00bbon|tablet\u00a0\u00bb transform_origin=\u00a0\u00bb27%|-96%\u00a0\u00bb transform_origin_tablet=\u00a0\u00bb37%|-96%\u00a0\u00bb transform_origin_phone=\u00a0\u00bb37%|198%\u00a0\u00bb transform_origin_last_edited=\u00a0\u00bbon|tablet\u00a0\u00bb transform_styles_last_edited=\u00a0\u00bbon|tablet\u00a0\u00bb max_width_tablet=\u00a0\u00bb200px\u00a0\u00bb max_width_phone=\u00a0\u00bb\u00a0\u00bb max_width_last_edited=\u00a0\u00bbon|desktop\u00a0\u00bb min_height=\u00a0\u00bb350px\u00a0\u00bb height=\u00a0\u00bb350px\u00a0\u00bb max_height=\u00a0\u00bb350px\u00a0\u00bb custom_margin=\u00a0\u00bb||||false|false\u00a0\u00bb custom_margin_tablet=\u00a0\u00bb||0px||false|false\u00a0\u00bb custom_margin_phone=\u00a0\u00bb\u00a0\u00bb custom_margin_last_edited=\u00a0\u00bbon|desktop\u00a0\u00bb custom_padding=\u00a0\u00bb||||false|false\u00a0\u00bb transform_styles_tablet=\u00a0\u00bb\u00a0\u00bb transform_styles_phone=\u00a0\u00bb\u00a0\u00bb locked=\u00a0\u00bboff\u00a0\u00bb global_colors_info=\u00a0\u00bb{}\u00a0\u00bb][\/et_pb_image][et_pb_text _builder_version=\u00a0\u00bb4.17.3&Prime; _module_preset=\u00a0\u00bb5c83a190-eaee-4f4a-944a-5e2167ed5a81&Prime; custom_margin=\u00a0\u00bb-25px||||false|false\u00a0\u00bb custom_padding=\u00a0\u00bb|||8px|false|false\u00a0\u00bb global_colors_info=\u00a0\u00bb{}\u00a0\u00bb]<\/p>\n<h3>Jardin<\/h3>\n<p>Se reposer, r\u00eaver, jouer et semer.<br \/>\nactivit\u00e9s nature, visites et chantiers participatifs au jardin en sol vivant[\/et_pb_text][\/et_pb_column][et_pb_column type=\u00a0\u00bb1_2&Prime; _builder_version=\u00a0\u00bb4.27.0&Prime; _dynamic_attributes=\u00a0\u00bblink_option_url\u00a0\u00bb background_image=\u00a0\u00bbhttps:\/\/www.lesvinzelles.com\/wp-content\/uploads\/2024\/09\/illustr_programme_home_092024.jpg\u00a0\u00bb background_size=\u00a0\u00bbcustom\u00a0\u00bb background_image_width=\u00a0\u00bb512px\u00a0\u00bb background_image_height=\u00a0\u00bb300px\u00a0\u00bb background_position=\u00a0\u00bbtop_center\u00a0\u00bb custom_padding=\u00a0\u00bb|||\u00a0\u00bb link_option_url=\u00a0\u00bb@ET-DC@eyJkeW5hbWljIjp0cnVlLCJjb250ZW50IjoicG9zdF9saW5rX3VybF9wYWdlIiwic2V0dGluZ3MiOnsicG9zdF9pZCI6IjEzODIifX0=@\u00a0\u00bb border_width_top=\u00a0\u00bb6px\u00a0\u00bb border_color_top=\u00a0\u00bbgcid-bef43e38-19b0-4794-9dc7-82d9a858f5d4&Prime; global_colors_info=\u00a0\u00bb{%22gcid-bef43e38-19b0-4794-9dc7-82d9a858f5d4%22:%91%22border_color_top%22%93}\u00a0\u00bb custom_padding__hover=\u00a0\u00bb|||\u00a0\u00bb transform_styles__hover_enabled=\u00a0\u00bbon|hover\u00a0\u00bb transform_scale__hover_enabled=\u00a0\u00bbon|hover\u00a0\u00bb transform_translate__hover_enabled=\u00a0\u00bbon|desktop\u00a0\u00bb transform_rotate__hover_enabled=\u00a0\u00bbon|desktop\u00a0\u00bb transform_skew__hover_enabled=\u00a0\u00bbon|desktop\u00a0\u00bb transform_origin__hover_enabled=\u00a0\u00bbon|desktop\u00a0\u00bb transform_scale__hover=\u00a0\u00bb101%|101%\u00a0\u00bb][et_pb_image src=\u00a0\u00bbhttps:\/\/www.lesvinzelles.com\/wp-content\/uploads\/2022\/05\/ampli_sansfond.png\u00a0\u00bb alt=\u00a0\u00bbProgramme\u00a0\u00bb title_text=\u00a0\u00bbampli\u00a0\u00bb show_bottom_space=\u00a0\u00bboff\u00a0\u00bb admin_label=\u00a0\u00bbpicto programme\u00a0\u00bb _builder_version=\u00a0\u00bb4.17.4&Prime; transform_scale=\u00a0\u00bb37%|37%\u00a0\u00bb transform_scale_tablet=\u00a0\u00bb30%|30%\u00a0\u00bb transform_scale_phone=\u00a0\u00bb33%|24%\u00a0\u00bb transform_scale_last_edited=\u00a0\u00bbon|tablet\u00a0\u00bb transform_scale_linked_phone=\u00a0\u00bboff\u00a0\u00bb transform_translate=\u00a0\u00bb-236px|442px\u00a0\u00bb transform_translate_tablet=\u00a0\u00bb-324px|643px\u00a0\u00bb transform_translate_phone=\u00a0\u00bb\u00a0\u00bb transform_translate_last_edited=\u00a0\u00bbon|tablet\u00a0\u00bb transform_translate_linked=\u00a0\u00bboff\u00a0\u00bb transform_rotate_tablet=\u00a0\u00bb\u00a0\u00bb transform_rotate_phone=\u00a0\u00bb\u00a0\u00bb transform_rotate_last_edited=\u00a0\u00bbon|tablet\u00a0\u00bb transform_skew_tablet=\u00a0\u00bb\u00a0\u00bb transform_skew_phone=\u00a0\u00bb\u00a0\u00bb transform_skew_last_edited=\u00a0\u00bbon|tablet\u00a0\u00bb transform_origin=\u00a0\u00bb18%|-112%\u00a0\u00bb transform_origin_tablet=\u00a0\u00bb16%|-92%\u00a0\u00bb transform_origin_phone=\u00a0\u00bb172%|-70%\u00a0\u00bb transform_origin_last_edited=\u00a0\u00bbon|tablet\u00a0\u00bb transform_styles_last_edited=\u00a0\u00bbon|tablet\u00a0\u00bb min_height=\u00a0\u00bb350px\u00a0\u00bb height=\u00a0\u00bb350px\u00a0\u00bb max_height=\u00a0\u00bb350px\u00a0\u00bb custom_margin=\u00a0\u00bb||||false|false\u00a0\u00bb custom_margin_tablet=\u00a0\u00bb||0px||false|false\u00a0\u00bb custom_margin_phone=\u00a0\u00bb\u00a0\u00bb custom_margin_last_edited=\u00a0\u00bbon|desktop\u00a0\u00bb custom_padding=\u00a0\u00bb||||false|false\u00a0\u00bb transform_styles_tablet=\u00a0\u00bb\u00a0\u00bb transform_styles_phone=\u00a0\u00bb\u00a0\u00bb locked=\u00a0\u00bboff\u00a0\u00bb global_colors_info=\u00a0\u00bb{}\u00a0\u00bb][\/et_pb_image][et_pb_text _builder_version=\u00a0\u00bb4.17.3&Prime; _module_preset=\u00a0\u00bb5c83a190-eaee-4f4a-944a-5e2167ed5a81&Prime; custom_margin=\u00a0\u00bb-25px||||false|false\u00a0\u00bb custom_padding=\u00a0\u00bb|||8px|false|false\u00a0\u00bb global_colors_info=\u00a0\u00bb{}\u00a0\u00bb]<\/p>\n<h3>Programme<\/h3>\n<p>Ecouter, s\u2019inspirer, apprendre, s&rsquo;\u00e9merveiller<br \/>\nconcerts, tables rondes, rencontres pluridisciplinaires, siestes musicales, etc.[\/et_pb_text][\/et_pb_column][\/et_pb_row][et_pb_row disabled_on=\u00a0\u00bboff|off|off\u00a0\u00bb admin_label=\u00a0\u00bbfinal row\u00a0\u00bb _builder_version=\u00a0\u00bb4.17.2&Prime; _module_preset=\u00a0\u00bbdefault\u00a0\u00bb custom_padding=\u00a0\u00bb0px||0px||false|false\u00a0\u00bb global_colors_info=\u00a0\u00bb{}\u00a0\u00bb][et_pb_column type=\u00a0\u00bb4_4&Prime; _builder_version=\u00a0\u00bb4.16.0&Prime; _module_preset=\u00a0\u00bbdefault\u00a0\u00bb global_colors_info=\u00a0\u00bb{}\u00a0\u00bb][et_pb_divider color=\u00a0\u00bb#FFFFFF\u00a0\u00bb divider_weight=\u00a0\u00bb100px\u00a0\u00bb _builder_version=\u00a0\u00bb4.17.0&Prime; _module_preset=\u00a0\u00bbdefault\u00a0\u00bb custom_padding=\u00a0\u00bb||72px||false|false\u00a0\u00bb global_colors_info=\u00a0\u00bb{}\u00a0\u00bb][\/et_pb_divider][\/et_pb_column][\/et_pb_row][\/et_pb_section]<\/p>\n","protected":false},"excerpt":{"rendered":"<p>Un tiers-lieu culturel pour apprendre \u00e0 cultiver son jardinLibrairie Partager et trouver ses prochaines lecturesconseils et vente de livres neufs, ateliers, rencontres et d\u00e9dicacesCaf\u00e9 &#8211; Restau D\u00e9couvrir, voyager et cultiver sa gourmandiseSalon de th\u00e9, snacking et restaurant midi et soirJardin Se reposer, r\u00eaver, jouer et semer. activit\u00e9s nature, visites et chantiers participatifs au jardin en [&hellip;]<\/p>\n","protected":false},"author":2,"featured_media":0,"parent":0,"menu_order":0,"comment_status":"closed","ping_status":"closed","template":"","meta":{"_et_pb_use_builder":"on","_et_pb_old_content":"<!-- wp:group {\"align\":\"full\"} -->\r\n<div class=\"wp-block-group alignfull\"><!-- wp:paragraph -->\r\n<p>Bienvenue aux Vinzelles, le nouveau tiers-lieu culturel \u00e0 Volvic !<\/p>\r\n<!-- \/wp:paragraph -->\r\n\r\n<!-- wp:paragraph -->\r\n<p>\ud83e\ude9c site en construction \ud83d\udee0<\/p>\r\n<!-- \/wp:paragraph -->\r\n\r\n<!-- wp:image {\"id\":19,\"sizeSlug\":\"large\"} -->\r\n<figure class=\"wp-block-image size-large\"><img src=\"http:\/\/ofzzyvu.cluster031.hosting.ovh.net\/wp-content\/uploads\/2021\/09\/1_Couleur_V_SBL.jpg\" alt=\"Logo vert.\" class=\"wp-image-19\"\/><\/figure>\r\n<!-- \/wp:image --><\/div>\r\n<!-- \/wp:group -->\r\n\r\n<!-- wp:columns {\"align\":\"wide\"} -->\r\n<div class=\"wp-block-columns alignwide\"><!-- wp:column -->\r\n<div class=\"wp-block-column\"><!-- wp:paragraph -->\r\n<p>Les Vinzelles c'est un espace cr\u00e9atif et culturel au sens large tourn\u00e9 vers le mieux-\u00eatre, mieux-vivre, mieux-manger ; un lieu d\u2019invitation \u00e0 la lecture, d\u2019incitation \u00e0 la pratique artistique et de construction collective. Une maison, une grange, des jardins, un mara\u00eecher en sol vivant, des arbres centenaires et toute une faune volante, dansante et rampante pour vous accueillir, r\u00eaver, chanter, jouer, discuter, jardiner, construire ENSEMBLE.<\/p>\r\n<!-- \/wp:paragraph --><\/div>\r\n<!-- \/wp:column --><\/div>\r\n<!-- \/wp:columns -->\r\n\r\n<!-- wp:paragraph {\"dropCap\":true} -->\r\n<p class=\"has-drop-cap\"><\/p>\r\n<!-- \/wp:paragraph -->\r\n\r\n<!-- wp:paragraph -->\r\n<p><\/p>\r\n<!-- \/wp:paragraph -->","_et_gb_content_width":"","footnotes":""},"class_list":["post-14","page","type-page","status-publish","hentry"],"post_mailing_queue_ids":[],"_links":{"self":[{"href":"https:\/\/www.lesvinzelles.com\/index.php\/wp-json\/wp\/v2\/pages\/14","targetHints":{"allow":["GET"]}}],"collection":[{"href":"https:\/\/www.lesvinzelles.com\/index.php\/wp-json\/wp\/v2\/pages"}],"about":[{"href":"https:\/\/www.lesvinzelles.com\/index.php\/wp-json\/wp\/v2\/types\/page"}],"author":[{"embeddable":true,"href":"https:\/\/www.lesvinzelles.com\/index.php\/wp-json\/wp\/v2\/users\/2"}],"replies":[{"embeddable":true,"href":"https:\/\/www.lesvinzelles.com\/index.php\/wp-json\/wp\/v2\/comments?post=14"}],"version-history":[{"count":219,"href":"https:\/\/www.lesvinzelles.com\/index.php\/wp-json\/wp\/v2\/pages\/14\/revisions"}],"predecessor-version":[{"id":231502,"href":"https:\/\/www.lesvinzelles.com\/index.php\/wp-json\/wp\/v2\/pages\/14\/revisions\/231502"}],"wp:attachment":[{"href":"https:\/\/www.lesvinzelles.com\/index.php\/wp-json\/wp\/v2\/media?parent=14"}],"curies":[{"name":"wp","href":"https:\/\/api.w.org\/{rel}","templated":true}]}}